{"id":86,"date":"2024-11-10T10:04:35","date_gmt":"2024-11-10T09:04:35","guid":{"rendered":"https:\/\/lesamisdefrancoiseheritier.fr\/?page_id=86"},"modified":"2024-11-22T18:50:16","modified_gmt":"2024-11-22T17:50:16","slug":"8-mars-2025","status":"publish","type":"page","link":"https:\/\/lesamisdefrancoiseheritier.fr\/index.php\/8-mars-2025\/","title":{"rendered":"8 Mars 2025"},"content":{"rendered":"\t\t<div data-elementor-type=\"wp-page\" data-elementor-id=\"86\" class=\"elementor elementor-86\">\n\t\t\t\t<div class=\"elementor-element elementor-element-295c839 e-flex e-con-boxed e-con e-parent\" data-id=\"295c839\" data-element_type=\"container\">\n\t\t\t\t\t<div class=\"e-con-inner\">\n\t\t\t\t<div class=\"elementor-element elementor-element-bdcaf32 elementor-widget elementor-widget-text-editor\" data-id=\"bdcaf32\" data-element_type=\"widget\" data-widget_type=\"text-editor.default\">\n\t\t\t\t<div class=\"elementor-widget-container\">\n\t\t\t\t\t\t\t\t\t<p style=\"text-align: center;\">Notre prochain \u00e9v\u00e9nement majeur d\u00e9di\u00e9 \u00e0 Fran\u00e7oise H\u00e9ritier, est programm\u00e9 pour le 8 mars 2025. R\u00e9servez votre journ\u00e9e &#8230;<\/p>\t\t\t\t\t\t\t\t<\/div>\n\t\t\t\t<\/div>\n\t\t\t\t\t<\/div>\n\t\t\t\t<\/div>\n\t\t<div class=\"elementor-element elementor-element-e485c11 e-flex e-con-boxed e-con e-parent\" data-id=\"e485c11\" data-element_type=\"container\">\n\t\t\t\t\t<div class=\"e-con-inner\">\n\t\t\t\t<div class=\"elementor-element elementor-element-0323391 elementor-widget elementor-widget-image\" data-id=\"0323391\" data-element_type=\"widget\" data-widget_type=\"image.default\">\n\t\t\t\t<div class=\"elementor-widget-container\">\n\t\t\t\t\t\t\t\t\t\t\t\t\t\t\t<img fetchpriority=\"high\" decoding=\"async\" width=\"1024\" height=\"580\" src=\"https:\/\/lesamisdefrancoiseheritier.fr\/wp-content\/uploads\/2024\/11\/Francoise-Heritier-avis-deces.jpg\" class=\"attachment-large size-large wp-image-41\" alt=\"\" srcset=\"https:\/\/lesamisdefrancoiseheritier.fr\/wp-content\/uploads\/2024\/11\/Francoise-Heritier-avis-deces.jpg 1024w, https:\/\/lesamisdefrancoiseheritier.fr\/wp-content\/uploads\/2024\/11\/Francoise-Heritier-avis-deces-300x170.jpg 300w, https:\/\/lesamisdefrancoiseheritier.fr\/wp-content\/uploads\/2024\/11\/Francoise-Heritier-avis-deces-768x435.jpg 768w\" sizes=\"(max-width: 1024px) 100vw, 1024px\" \/>\t\t\t\t\t\t\t\t\t\t\t\t\t\t\t<\/div>\n\t\t\t\t<\/div>\n\t\t\t\t\t<\/div>\n\t\t\t\t<\/div>\n\t\t\t\t<\/div>\n\t\t","protected":false},"excerpt":{"rendered":"<p>Notre prochain \u00e9v\u00e9nement majeur d\u00e9di\u00e9 \u00e0 Fran\u00e7oise H\u00e9ritier, est programm\u00e9 pour le 8 mars 2025. R\u00e9servez votre journ\u00e9e &#8230;<\/p>\n","protected":false},"author":1,"featured_media":0,"parent":0,"menu_order":0,"comment_status":"closed","ping_status":"closed","template":"","meta":{"cybocfi_hide_featured_image":"","footnotes":""},"class_list":["post-86","page","type-page","status-publish","hentry"],"_links":{"self":[{"href":"https:\/\/lesamisdefrancoiseheritier.fr\/index.php\/wp-json\/wp\/v2\/pages\/86","targetHints":{"allow":["GET"]}}],"collection":[{"href":"https:\/\/lesamisdefrancoiseheritier.fr\/index.php\/wp-json\/wp\/v2\/pages"}],"about":[{"href":"https:\/\/lesamisdefrancoiseheritier.fr\/index.php\/wp-json\/wp\/v2\/types\/page"}],"author":[{"embeddable":true,"href":"https:\/\/lesamisdefrancoiseheritier.fr\/index.php\/wp-json\/wp\/v2\/users\/1"}],"replies":[{"embeddable":true,"href":"https:\/\/lesamisdefrancoiseheritier.fr\/index.php\/wp-json\/wp\/v2\/comments?post=86"}],"version-history":[{"count":6,"href":"https:\/\/lesamisdefrancoiseheritier.fr\/index.php\/wp-json\/wp\/v2\/pages\/86\/revisions"}],"predecessor-version":[{"id":150,"href":"https:\/\/lesamisdefrancoiseheritier.fr\/index.php\/wp-json\/wp\/v2\/pages\/86\/revisions\/150"}],"wp:attachment":[{"href":"https:\/\/lesamisdefrancoiseheritier.fr\/index.php\/wp-json\/wp\/v2\/media?parent=86"}],"curies":[{"name":"wp","href":"https:\/\/api.w.org\/{rel}","templated":true}]}}