{"id":69,"date":"2024-11-10T09:53:12","date_gmt":"2024-11-10T08:53:12","guid":{"rendered":"https:\/\/lesamisdefrancoiseheritier.fr\/?page_id=69"},"modified":"2024-11-22T18:51:39","modified_gmt":"2024-11-22T17:51:39","slug":"biennale-2026","status":"publish","type":"page","link":"https:\/\/lesamisdefrancoiseheritier.fr\/index.php\/biennale-2026\/","title":{"rendered":"Biennale 2026"},"content":{"rendered":"\t\t<div data-elementor-type=\"wp-page\" data-elementor-id=\"69\" class=\"elementor elementor-69\">\n\t\t\t\t<div class=\"elementor-element elementor-element-93d9968 e-flex e-con-boxed e-con e-parent\" data-id=\"93d9968\" data-element_type=\"container\">\n\t\t\t\t\t<div class=\"e-con-inner\">\n\t\t<div class=\"elementor-element elementor-element-3064f7f e-con-full e-flex e-con e-child\" data-id=\"3064f7f\" data-element_type=\"container\">\n\t\t\t\t<div class=\"elementor-element elementor-element-aed6fd5 elementor-widget elementor-widget-text-editor\" data-id=\"aed6fd5\" data-element_type=\"widget\" data-widget_type=\"text-editor.default\">\n\t\t\t\t<div class=\"elementor-widget-container\">\n\t\t\t\t\t\t\t\t\t<p style=\"text-align: justify;\">Nous reviendrons tr\u00e8s prochainement et en d\u00e9tail sur notre prochaine biennale d\u00e9di\u00e9e \u00e0 Fran\u00e7oise H\u00e9ritier.<\/p><p style=\"text-align: justify;\">Vous pouvez d&rsquo;ores et d\u00e9j\u00e0 cocher les 23 &amp; 24 Mai 2026 sur vos agendas car c&rsquo;est durant ces deux jours que nous vous attendrons en Livradois pour notre seconde biennale d\u00e9di\u00e9e \u00e0 notre amie.<\/p><p><img fetchpriority=\"high\" decoding=\"async\" class=\"size-medium wp-image-8 aligncenter\" src=\"https:\/\/lesamisdefrancoiseheritier.fr\/wp-content\/uploads\/2024\/11\/cropped-Logo-Francoise-500-300x300.png\" alt=\"\" width=\"300\" height=\"300\" srcset=\"https:\/\/lesamisdefrancoiseheritier.fr\/wp-content\/uploads\/2024\/11\/cropped-Logo-Francoise-500-300x300.png 300w, https:\/\/lesamisdefrancoiseheritier.fr\/wp-content\/uploads\/2024\/11\/cropped-Logo-Francoise-500-150x150.png 150w, https:\/\/lesamisdefrancoiseheritier.fr\/wp-content\/uploads\/2024\/11\/cropped-Logo-Francoise-500-270x270.png 270w, https:\/\/lesamisdefrancoiseheritier.fr\/wp-content\/uploads\/2024\/11\/cropped-Logo-Francoise-500-192x192.png 192w, https:\/\/lesamisdefrancoiseheritier.fr\/wp-content\/uploads\/2024\/11\/cropped-Logo-Francoise-500-180x180.png 180w, https:\/\/lesamisdefrancoiseheritier.fr\/wp-content\/uploads\/2024\/11\/cropped-Logo-Francoise-500-32x32.png 32w, https:\/\/lesamisdefrancoiseheritier.fr\/wp-content\/uploads\/2024\/11\/cropped-Logo-Francoise-500.png 512w\" sizes=\"(max-width: 300px) 100vw, 300px\" \/><\/p>\t\t\t\t\t\t\t\t<\/div>\n\t\t\t\t<\/div>\n\t\t\t\t<\/div>\n\t\t<div class=\"elementor-element elementor-element-43adb0c e-con-full e-flex e-con e-child\" data-id=\"43adb0c\" data-element_type=\"container\">\n\t\t\t\t<div class=\"elementor-element elementor-element-a974fb0 elementor-widget elementor-widget-image\" data-id=\"a974fb0\" data-element_type=\"widget\" data-widget_type=\"image.default\">\n\t\t\t\t<div class=\"elementor-widget-container\">\n\t\t\t\t\t\t\t\t\t\t\t\t\t\t\t<img decoding=\"async\" width=\"1024\" height=\"790\" src=\"https:\/\/lesamisdefrancoiseheritier.fr\/wp-content\/uploads\/2024\/11\/Francoise-Heritier-10-11-2024.jpg\" class=\"attachment-large size-large wp-image-70\" alt=\"\" srcset=\"https:\/\/lesamisdefrancoiseheritier.fr\/wp-content\/uploads\/2024\/11\/Francoise-Heritier-10-11-2024.jpg 1024w, https:\/\/lesamisdefrancoiseheritier.fr\/wp-content\/uploads\/2024\/11\/Francoise-Heritier-10-11-2024-300x231.jpg 300w, https:\/\/lesamisdefrancoiseheritier.fr\/wp-content\/uploads\/2024\/11\/Francoise-Heritier-10-11-2024-768x593.jpg 768w\" sizes=\"(max-width: 1024px) 100vw, 1024px\" \/>\t\t\t\t\t\t\t\t\t\t\t\t\t\t\t<\/div>\n\t\t\t\t<\/div>\n\t\t\t\t<\/div>\n\t\t\t\t\t<\/div>\n\t\t\t\t<\/div>\n\t\t\t\t<\/div>\n\t\t","protected":false},"excerpt":{"rendered":"<p>Nous reviendrons tr\u00e8s prochainement et en d\u00e9tail sur notre prochaine biennale d\u00e9di\u00e9e \u00e0 Fran\u00e7oise H\u00e9ritier. Vous pouvez d&rsquo;ores et d\u00e9j\u00e0 cocher les 23 &amp; 24 Mai 2026 sur vos agendas car c&rsquo;est durant ces deux jours que nous vous attendrons en Livradois pour notre seconde biennale d\u00e9di\u00e9e \u00e0 notre amie.<\/p>\n","protected":false},"author":1,"featured_media":0,"parent":0,"menu_order":0,"comment_status":"closed","ping_status":"closed","template":"","meta":{"cybocfi_hide_featured_image":"","footnotes":""},"class_list":["post-69","page","type-page","status-publish","hentry"],"_links":{"self":[{"href":"https:\/\/lesamisdefrancoiseheritier.fr\/index.php\/wp-json\/wp\/v2\/pages\/69","targetHints":{"allow":["GET"]}}],"collection":[{"href":"https:\/\/lesamisdefrancoiseheritier.fr\/index.php\/wp-json\/wp\/v2\/pages"}],"about":[{"href":"https:\/\/lesamisdefrancoiseheritier.fr\/index.php\/wp-json\/wp\/v2\/types\/page"}],"author":[{"embeddable":true,"href":"https:\/\/lesamisdefrancoiseheritier.fr\/index.php\/wp-json\/wp\/v2\/users\/1"}],"replies":[{"embeddable":true,"href":"https:\/\/lesamisdefrancoiseheritier.fr\/index.php\/wp-json\/wp\/v2\/comments?post=69"}],"version-history":[{"count":6,"href":"https:\/\/lesamisdefrancoiseheritier.fr\/index.php\/wp-json\/wp\/v2\/pages\/69\/revisions"}],"predecessor-version":[{"id":154,"href":"https:\/\/lesamisdefrancoiseheritier.fr\/index.php\/wp-json\/wp\/v2\/pages\/69\/revisions\/154"}],"wp:attachment":[{"href":"https:\/\/lesamisdefrancoiseheritier.fr\/index.php\/wp-json\/wp\/v2\/media?parent=69"}],"curies":[{"name":"wp","href":"https:\/\/api.w.org\/{rel}","templated":true}]}}