{"id":5,"date":"2024-11-05T09:33:37","date_gmt":"2024-11-05T08:33:37","guid":{"rendered":"http:\/\/lesamisdefrancoiseheritier.fr\/index.php\/mesmerize\/"},"modified":"2025-05-29T20:33:45","modified_gmt":"2025-05-29T18:33:45","slug":"mesmerize","status":"publish","type":"page","link":"https:\/\/lesamisdefrancoiseheritier.fr\/","title":{"rendered":"Front Page"},"content":{"rendered":"<div  id=\"actualite\" style=\"background-color: #f5fafd;\" data-label=\"Actualite\" data-id=\"blog-section\" data-export-id=\"blog-section\" data-category=\"latest_news\" class=\"blog-section blog-section-standard content-section content-section-spacing\"><div  class=\"gridContainer\"> <div  class=\"row\"><div  data-type=\"column\" class=\"section-title-col\"> <h2  class=\"\">BLOG<\/h2> <\/div> <\/div> <div  class=\"row\"> <div  data-type=\"row\" data-dynamic-columns=\"handled\" data-content-shortcode=\"mesmerize_latest_news columns=&quot;3&quot; \">\t\t<div class=\"row center-sm content-left-sm\">\n\t\t\t\t\t<div id=\"post-180\" class=\"col-sm-6 col-md-3 space-bottom space-bottom-xs\">\n\t\t\t\t<div class=\"post-content card y-move bordered\">\n\t\t\t\t\t<div class=\"post-thumbnail\">\n   <a href=\"https:\/\/lesamisdefrancoiseheritier.fr\/index.php\/2024\/11\/24\/8-mars-2025\/\" class=\"post-list-item-thumb \">\n      <img fetchpriority=\"high\" decoding=\"async\" width=\"800\" height=\"532\" src=\"https:\/\/lesamisdefrancoiseheritier.fr\/wp-content\/uploads\/2024\/11\/journee-de-la-femme.png\" class=\"attachment-post-thumbnail size-post-thumbnail wp-post-image\" alt=\"\" srcset=\"https:\/\/lesamisdefrancoiseheritier.fr\/wp-content\/uploads\/2024\/11\/journee-de-la-femme.png 800w, https:\/\/lesamisdefrancoiseheritier.fr\/wp-content\/uploads\/2024\/11\/journee-de-la-femme-300x200.png 300w, https:\/\/lesamisdefrancoiseheritier.fr\/wp-content\/uploads\/2024\/11\/journee-de-la-femme-768x511.png 768w\" sizes=\"(max-width: 800px) 100vw, 800px\" \/>   <\/a>\n<\/div>\n\t\t\t\t\t<div class=\"col-padding col-padding-xs\">\n\t\t\t\t\t\t<h3 class=\"post-title space-bottom-small\">\n\t\t\t\t\t\t\t<a href=\"https:\/\/lesamisdefrancoiseheritier.fr\/index.php\/2024\/11\/24\/8-mars-2025\/\" rel=\"bookmark\">\n\t\t\t\t\t\t\t\t8 Mars 2025\t\t\t\t\t\t\t<\/a>\n\t\t\t\t\t\t<\/h3>\n\t\t\t\t\t\t<p>Cliquez ici pour plus d&rsquo;informations 8 mars 2025<\/p>\n\t\t\t\t\t\t<a class=\"read-more link\" href=\"https:\/\/lesamisdefrancoiseheritier.fr\/index.php\/2024\/11\/24\/8-mars-2025\/\">\n\t\t\t\t\t\t\tLire la suite\t\t\t\t\t\t<\/a>\n\t\t\t\t\t<\/div>\n\t\t\t\t<\/div>\n\t\t\t<\/div>\n\t\t\t\t\t\t<div id=\"post-172\" class=\"col-sm-6 col-md-3 space-bottom space-bottom-xs\">\n\t\t\t\t<div class=\"post-content card y-move bordered\">\n\t\t\t\t\t<div class=\"post-thumbnail\">\n   <a href=\"https:\/\/lesamisdefrancoiseheritier.fr\/index.php\/2024\/11\/24\/biennale-2026\/\" class=\"post-list-item-thumb \">\n      <img decoding=\"async\" width=\"627\" height=\"279\" src=\"https:\/\/lesamisdefrancoiseheritier.fr\/wp-content\/uploads\/2024\/11\/2026.png\" class=\"attachment-post-thumbnail size-post-thumbnail wp-post-image\" alt=\"\" srcset=\"https:\/\/lesamisdefrancoiseheritier.fr\/wp-content\/uploads\/2024\/11\/2026.png 627w, https:\/\/lesamisdefrancoiseheritier.fr\/wp-content\/uploads\/2024\/11\/2026-300x133.png 300w\" sizes=\"(max-width: 627px) 100vw, 627px\" \/>   <\/a>\n<\/div>\n\t\t\t\t\t<div class=\"col-padding col-padding-xs\">\n\t\t\t\t\t\t<h3 class=\"post-title space-bottom-small\">\n\t\t\t\t\t\t\t<a href=\"https:\/\/lesamisdefrancoiseheritier.fr\/index.php\/2024\/11\/24\/biennale-2026\/\" rel=\"bookmark\">\n\t\t\t\t\t\t\t\tBiennale 2026\t\t\t\t\t\t\t<\/a>\n\t\t\t\t\t\t<\/h3>\n\t\t\t\t\t\t<p>Notre prochaine biennale d\u00e9di\u00e9e \u00e0 Fran\u00e7oise H\u00e9ritier, est pr\u00e9vue pour 2026. Nous vous donnerons de plus amples d\u00e9tails dans les semaines \u00e0 venir : il suffira de vous connecter r\u00e9guli\u00e8rement[&hellip;]<\/p>\n\t\t\t\t\t\t<a class=\"read-more link\" href=\"https:\/\/lesamisdefrancoiseheritier.fr\/index.php\/2024\/11\/24\/biennale-2026\/\">\n\t\t\t\t\t\t\tLire la suite\t\t\t\t\t\t<\/a>\n\t\t\t\t\t<\/div>\n\t\t\t\t<\/div>\n\t\t\t<\/div>\n\t\t\t\t\t\t<div id=\"post-45\" class=\"col-sm-6 col-md-3 space-bottom space-bottom-xs\">\n\t\t\t\t<div class=\"post-content card y-move bordered\">\n\t\t\t\t\t<div class=\"post-thumbnail\">\n   <a href=\"https:\/\/lesamisdefrancoiseheritier.fr\/index.php\/2024\/11\/05\/bienvenue-chez-francoise-heritier\/\" class=\"post-list-item-thumb \">\n      <img decoding=\"async\" width=\"500\" height=\"566\" src=\"https:\/\/lesamisdefrancoiseheritier.fr\/wp-content\/uploads\/2024\/11\/Logo-Francoise-500.png\" class=\"attachment-post-thumbnail size-post-thumbnail wp-post-image\" alt=\"\" srcset=\"https:\/\/lesamisdefrancoiseheritier.fr\/wp-content\/uploads\/2024\/11\/Logo-Francoise-500.png 500w, https:\/\/lesamisdefrancoiseheritier.fr\/wp-content\/uploads\/2024\/11\/Logo-Francoise-500-265x300.png 265w\" sizes=\"(max-width: 500px) 100vw, 500px\" \/>   <\/a>\n<\/div>\n\t\t\t\t\t<div class=\"col-padding col-padding-xs\">\n\t\t\t\t\t\t<h3 class=\"post-title space-bottom-small\">\n\t\t\t\t\t\t\t<a href=\"https:\/\/lesamisdefrancoiseheritier.fr\/index.php\/2024\/11\/05\/bienvenue-chez-francoise-heritier\/\" rel=\"bookmark\">\n\t\t\t\t\t\t\t\tBienvenue chez Fran\u00e7oise H\u00e9ritier &#8230;\t\t\t\t\t\t\t<\/a>\n\t\t\t\t\t\t<\/h3>\n\t\t\t\t\t\t<p>Les amis de Fran\u00e7oise H\u00e9ritier vous souhaitent la bienvenue sur le site de l&rsquo;association du m\u00eame nom. Ce site est en construction, aussi nous vous donnons rendez-vous dans quelques semaines[&hellip;]<\/p>\n\t\t\t\t\t\t<a class=\"read-more link\" href=\"https:\/\/lesamisdefrancoiseheritier.fr\/index.php\/2024\/11\/05\/bienvenue-chez-francoise-heritier\/\">\n\t\t\t\t\t\t\tLire la suite\t\t\t\t\t\t<\/a>\n\t\t\t\t\t<\/div>\n\t\t\t\t<\/div>\n\t\t\t<\/div>\n\t\t\t\t<\/div>\n\t<\/div><\/div> <div  class=\"row\"><div  class=\"text-center\"> <a  class=\"button color1\" data-attr-shortcode=\"href:mesmerize_blog_link\" href=\"https:\/\/lesamisdefrancoiseheritier.fr\/index.php\/blog\/\">Tous les articles<\/a><\/div> <\/div><\/div><\/div><div  data-label=\"F HERITIER\" data-id=\"features--1\" data-export-id=\"features-16\" data-category=\"features\" class=\"features-16 content-section content-section-spacing\" id=\"f-heritier\" style=\"background-color: rgb(245, 250, 253);\"><div  class=\"gridContainer\"> <div  class=\"row text-center\"><div  class=\"section-title-col\" data-type=\"column\"> <h2  class=\"\">Fran\u00e7oise H\u00e9ritier<\/h2> <p  class=\"lead\">Sa vie, son oeuvre litt\u00e9raire, sa biographie, la g\u00e9n\u00e9ralogie et ses engagements&nbsp;<\/p><\/div> <\/div> <div  class=\"row spaced-cols\" data-type=\"row\"> <div  class=\"col-xs-12 col-sm-6 space-bottom col-md-4 \">  <div  data-type=\"column\" class=\"col-padding-small col-padding-small-xs description-container\">   <img  decoding=\"async\" class=\"custom-image\" src=\"https:\/\/lesamisdefrancoiseheritier.fr\/wp-content\/uploads\/2024\/11\/Bibliographie-1.png\" title=\"Bibliographie-1\" alt=\"\"><a  class=\"button blue\" href=\"https:\/\/lesamisdefrancoiseheritier.fr\/index.php\/francoise-heritier-bibliographie\" target=\"_self\" data-cp-link=\"1\">Bibliographie<\/a><\/div> <\/div>  <div  class=\"col-xs-12 col-sm-6 space-bottom col-md-4 \">  <div  data-type=\"column\" class=\"col-padding-small col-padding-small-xs description-container\">   <img  decoding=\"async\" class=\"custom-image\" src=\"https:\/\/lesamisdefrancoiseheritier.fr\/wp-content\/uploads\/2024\/11\/Biographie.png\" title=\"Biographie\" alt=\"\"><a  class=\"button blue\" href=\"https:\/\/lesamisdefrancoiseheritier.fr\/index.php\/francoise-heritier-biographie\" target=\"_self\" data-cp-link=\"1\">Biographie<\/a><\/div> <\/div><div  class=\"col-xs-12 col-sm-6 space-bottom col-md-4 \">  <div  data-type=\"column\" class=\"col-padding-small col-padding-small-xs description-container\">   <img  decoding=\"async\" class=\"custom-image\" src=\"https:\/\/lesamisdefrancoiseheritier.fr\/wp-content\/uploads\/2024\/11\/cropped-cropped-Genealogie-3.jpg\" title=\"cropped-cropped-Genealogie-3.jpg\" alt=\"\"><a  class=\"button blue\" href=\"https:\/\/lesamisdefrancoiseheritier.fr\/index.php\/francoise-heritier-sa-genealogie\" target=\"_self\" data-cp-link=\"1\">G\u00e9n\u00e9alogie<\/a><\/div> <\/div><div  class=\"col-xs-12 col-sm-6 space-bottom col-md-4 \">  <div  data-type=\"column\" class=\"col-padding-small col-padding-small-xs description-container\">   <img  decoding=\"async\" class=\"custom-image\" src=\"https:\/\/lesamisdefrancoiseheritier.fr\/wp-content\/uploads\/2024\/11\/cropped-cropped-Association-1.png\" title=\"cropped-cropped-Association-1.png\" alt=\"\"><a  class=\"button blue\" href=\"https:\/\/lesamisdefrancoiseheritier.fr\/index.php\/francoise-heritier-son-engagement\" target=\"_self\" data-cp-link=\"1\">Engagement<\/a><\/div> <\/div><div  class=\"col-xs-12 col-sm-6 space-bottom col-md-4 \">  <div  data-type=\"column\" class=\"col-padding-small col-padding-small-xs description-container\">   <img  decoding=\"async\" class=\"custom-image\" src=\"https:\/\/lesamisdefrancoiseheritier.fr\/wp-content\/uploads\/2024\/11\/cropped-cropped-Francoise-Heritier-avis-deces.jpg\" title=\"cropped-cropped-Francoise-Heritier-avis-deces.jpg\" alt=\"\"><a  class=\"button blue\" href=\"#\" target=\"_self\" data-cp-link=\"1\">L\u2019\u00e9cho de Fran\u00e7oise H\u00e9ritier<\/a><\/div> <\/div><div  class=\"col-xs-12 col-sm-6 space-bottom col-md-4 \">  <div  data-type=\"column\" class=\"col-padding-small col-padding-small-xs description-container\">   <img  decoding=\"async\" class=\"custom-image\" src=\"https:\/\/lesamisdefrancoiseheritier.fr\/wp-content\/uploads\/2024\/11\/coup-de-coeur.jpg\" title=\"coup-de-coeur\" alt=\"\"><a  class=\"button blue\" href=\"#\" target=\"_self\" data-cp-link=\"1\">Elle aurait aim\u00e9<\/a><\/div> <\/div><\/div> <\/div><\/div><div  data-label=\"Association\" data-id=\"about--1\" data-export-id=\"about-10\" data-category=\"about\" class=\"about-10 content-section content-section-spacing\" id=\"association\" style=\"background-color: rgb(245, 250, 253);\"><div  class=\"gridContainer\"> <div  class=\"row middle-sm text-center\"><div  class=\"col-sm-5 space-bottom-xs content-column\" data-type=\"column\">  <h2  class=\"\">Notre association : les Amis de Fran\u00e7oise H\u00e9ritier<\/h2> <p  class=\"\">L\u2019association des Amis de Fran\u00e7oise H\u00e9ritier a \u00e9t\u00e9 cr\u00e9\u00e9e le 2 Octobre 2023. Elle a pour but de cr\u00e9er et organiser des \u00e9v\u00e9nements et toute action aff\u00e9rente autour de la vie, de la carri\u00e8re et des id\u00e9es de Fran\u00e7oise H\u00e9ritier.<\/p> <a  class=\"button color1\" href=\"https:\/\/lesamisdefrancoiseheritier.fr\/index.php\/notre-association\" target=\"_self\" data-cp-link=\"1\">En savoir plus<\/a><\/div> <div  class=\"col-sm-7 flexbox middle-xs center-xs space-bottom-xs\"><div  class=\"overlay-box middle-xs center-xs flexbox\"> <div  class=\"overlay-box-offset offset-border shadow-medium border-color1 hide-xs\"><\/div> <img  decoding=\"async\" class=\"shadow-large\" data-size=\"485x705\" src=\"https:\/\/lesamisdefrancoiseheritier.fr\/wp-content\/uploads\/2024\/12\/AG-30-11-2024.jpg\" title=\"AG-30-11-2024\" alt=\"\"><\/div> <\/div><\/div> <\/div><\/div><div  data-label=\"Contact\" data-id=\"overlappable--1\" data-export-id=\"overlappable-4\" data-category=\"overlappable\" class=\"overlappable-4 content-section content-section-spacing\" data-overlap=\"true\" id=\"contact\" style=\"background-color: rgb(255, 255, 255);\"><div  class=\"gridContainer\"> <div  data-type=\"row\" class=\"row spaced-cols text-center\"><div  class=\"col-xs-12 col-sm-4 col-padding col-md-4 \"> <a  data-cp-link=\"1\" href=\"https:\/\/www.facebook.com\/profile.php?id=61554839653155&amp;locale=fr_FR\" target=\"_blank\" rel=\"noopener\" class=\"\"><i  class=\"fa icon shadow-large-black aligncenter color1 fa-facebook-square reverse round large\"><\/i><\/a> <div  data-type=\"column\" class=\"\"> <h5  class=\"\">Visiter notre Facebook<\/h5> <\/div> <\/div>  <div  class=\"col-xs-12 col-sm-4 col-padding col-md-4 \"> <i  class=\"fa icon shadow-large-black aligncenter color1 fa-at reverse round large\"><\/i> <div  data-type=\"column\" class=\"\"><h5  class=\"\">Nous envoyer un message<\/h5> <\/div> <\/div><div  class=\"col-xs-12 col-sm-4 col-padding col-md-4\"> <a  data-cp-link=\"1\" href=\"https:\/\/lesamisdefrancoiseheritier.fr\/index.php\/mentions-legales\" target=\"_blank\" rel=\"noopener\" class=\"\"><i  class=\"fa icon shadow-large-black aligncenter color1 fa-legal reverse round large\"><\/i><\/a> <div  data-type=\"column\" class=\"\"> <h5  class=\"\">Mentions l\u00e9gales<\/h5> <\/div> <\/div><\/div> <\/div><\/div>","protected":false},"excerpt":{"rendered":"<p>BLOG Tous les articles Fran\u00e7oise H\u00e9ritier Sa vie, son oeuvre litt\u00e9raire, sa biographie, la g\u00e9n\u00e9ralogie et ses engagements&nbsp; Bibliographie Biographie G\u00e9n\u00e9alogie Engagement L\u2019\u00e9cho de Fran\u00e7oise H\u00e9ritier Elle aurait aim\u00e9 Notre association : les Amis de Fran\u00e7oise H\u00e9ritier L\u2019association des Amis de Fran\u00e7oise H\u00e9ritier a \u00e9t\u00e9 cr\u00e9\u00e9e le 2 Octobre 2023. Elle a pour but de&hellip; <br \/> <a class=\"read-more\" href=\"https:\/\/lesamisdefrancoiseheritier.fr\/index.php\/2024\/11\/05\/bienvenue-chez-francoise-heritier\/\">Lire la suite<\/a><\/p>\n","protected":false},"author":1,"featured_media":0,"parent":0,"menu_order":0,"comment_status":"closed","ping_status":"closed","template":"page-templates\/homepage.php","meta":{"cybocfi_hide_featured_image":"","footnotes":""},"class_list":["post-5","page","type-page","status-publish","hentry"],"_links":{"self":[{"href":"https:\/\/lesamisdefrancoiseheritier.fr\/index.php\/wp-json\/wp\/v2\/pages\/5","targetHints":{"allow":["GET"]}}],"collection":[{"href":"https:\/\/lesamisdefrancoiseheritier.fr\/index.php\/wp-json\/wp\/v2\/pages"}],"about":[{"href":"https:\/\/lesamisdefrancoiseheritier.fr\/index.php\/wp-json\/wp\/v2\/types\/page"}],"author":[{"embeddable":true,"href":"https:\/\/lesamisdefrancoiseheritier.fr\/index.php\/wp-json\/wp\/v2\/users\/1"}],"replies":[{"embeddable":true,"href":"https:\/\/lesamisdefrancoiseheritier.fr\/index.php\/wp-json\/wp\/v2\/comments?post=5"}],"version-history":[{"count":42,"href":"https:\/\/lesamisdefrancoiseheritier.fr\/index.php\/wp-json\/wp\/v2\/pages\/5\/revisions"}],"predecessor-version":[{"id":290,"href":"https:\/\/lesamisdefrancoiseheritier.fr\/index.php\/wp-json\/wp\/v2\/pages\/5\/revisions\/290"}],"wp:attachment":[{"href":"https:\/\/lesamisdefrancoiseheritier.fr\/index.php\/wp-json\/wp\/v2\/media?parent=5"}],"curies":[{"name":"wp","href":"https:\/\/api.w.org\/{rel}","templated":true}]}}