{"id":163,"date":"2024-11-23T12:10:40","date_gmt":"2024-11-23T11:10:40","guid":{"rendered":"https:\/\/lesamisdefrancoiseheritier.fr\/?page_id=163"},"modified":"2024-11-23T12:11:48","modified_gmt":"2024-11-23T11:11:48","slug":"notre-association","status":"publish","type":"page","link":"https:\/\/lesamisdefrancoiseheritier.fr\/index.php\/notre-association\/","title":{"rendered":"Notre Association"},"content":{"rendered":"\t\t<div data-elementor-type=\"wp-page\" data-elementor-id=\"163\" class=\"elementor elementor-163\">\n\t\t\t\t<div class=\"elementor-element elementor-element-6b5ac24 e-flex e-con-boxed e-con e-parent\" data-id=\"6b5ac24\" data-element_type=\"container\">\n\t\t\t\t\t<div class=\"e-con-inner\">\n\t\t<div class=\"elementor-element elementor-element-12cd7cd e-con-full e-flex e-con e-child\" data-id=\"12cd7cd\" data-element_type=\"container\">\n\t\t\t\t<div class=\"elementor-element elementor-element-342baad elementor-widget elementor-widget-image\" data-id=\"342baad\" data-element_type=\"widget\" data-widget_type=\"image.default\">\n\t\t\t\t<div class=\"elementor-widget-container\">\n\t\t\t\t\t\t\t\t\t\t\t\t\t\t\t<img fetchpriority=\"high\" decoding=\"async\" width=\"600\" height=\"400\" src=\"https:\/\/lesamisdefrancoiseheritier.fr\/wp-content\/uploads\/2024\/11\/Association.png\" class=\"attachment-large size-large wp-image-164\" alt=\"\" srcset=\"https:\/\/lesamisdefrancoiseheritier.fr\/wp-content\/uploads\/2024\/11\/Association.png 600w, https:\/\/lesamisdefrancoiseheritier.fr\/wp-content\/uploads\/2024\/11\/Association-300x200.png 300w\" sizes=\"(max-width: 600px) 100vw, 600px\" \/>\t\t\t\t\t\t\t\t\t\t\t\t\t\t\t<\/div>\n\t\t\t\t<\/div>\n\t\t\t\t<\/div>\n\t\t<div class=\"elementor-element elementor-element-cc1fcc7 e-con-full e-flex e-con e-child\" data-id=\"cc1fcc7\" data-element_type=\"container\">\n\t\t\t\t<div class=\"elementor-element elementor-element-8f6ca58 elementor-widget elementor-widget-text-editor\" data-id=\"8f6ca58\" data-element_type=\"widget\" data-widget_type=\"text-editor.default\">\n\t\t\t\t<div class=\"elementor-widget-container\">\n\t\t\t\t\t\t\t\t\t<p>Les amis de Fran\u00e7oise H\u00e9ritier est une association type loi de 1901 \u00e0 but non lucratif &#8230;<\/p>\t\t\t\t\t\t\t\t<\/div>\n\t\t\t\t<\/div>\n\t\t\t\t<\/div>\n\t\t\t\t\t<\/div>\n\t\t\t\t<\/div>\n\t\t\t\t<\/div>\n\t\t","protected":false},"excerpt":{"rendered":"<p>Les amis de Fran\u00e7oise H\u00e9ritier est une association type loi de 1901 \u00e0 but non lucratif &#8230;<\/p>\n","protected":false},"author":1,"featured_media":0,"parent":0,"menu_order":0,"comment_status":"closed","ping_status":"closed","template":"","meta":{"cybocfi_hide_featured_image":"","footnotes":""},"class_list":["post-163","page","type-page","status-publish","hentry"],"_links":{"self":[{"href":"https:\/\/lesamisdefrancoiseheritier.fr\/index.php\/wp-json\/wp\/v2\/pages\/163","targetHints":{"allow":["GET"]}}],"collection":[{"href":"https:\/\/lesamisdefrancoiseheritier.fr\/index.php\/wp-json\/wp\/v2\/pages"}],"about":[{"href":"https:\/\/lesamisdefrancoiseheritier.fr\/index.php\/wp-json\/wp\/v2\/types\/page"}],"author":[{"embeddable":true,"href":"https:\/\/lesamisdefrancoiseheritier.fr\/index.php\/wp-json\/wp\/v2\/users\/1"}],"replies":[{"embeddable":true,"href":"https:\/\/lesamisdefrancoiseheritier.fr\/index.php\/wp-json\/wp\/v2\/comments?post=163"}],"version-history":[{"count":3,"href":"https:\/\/lesamisdefrancoiseheritier.fr\/index.php\/wp-json\/wp\/v2\/pages\/163\/revisions"}],"predecessor-version":[{"id":167,"href":"https:\/\/lesamisdefrancoiseheritier.fr\/index.php\/wp-json\/wp\/v2\/pages\/163\/revisions\/167"}],"wp:attachment":[{"href":"https:\/\/lesamisdefrancoiseheritier.fr\/index.php\/wp-json\/wp\/v2\/media?parent=163"}],"curies":[{"name":"wp","href":"https:\/\/api.w.org\/{rel}","templated":true}]}}