{"id":122,"date":"2024-11-22T18:34:44","date_gmt":"2024-11-22T17:34:44","guid":{"rendered":"https:\/\/lesamisdefrancoiseheritier.fr\/?page_id=122"},"modified":"2024-11-22T18:37:08","modified_gmt":"2024-11-22T17:37:08","slug":"francoise-heritier-biographie","status":"publish","type":"page","link":"https:\/\/lesamisdefrancoiseheritier.fr\/index.php\/francoise-heritier-biographie\/","title":{"rendered":"Fran\u00e7oise H\u00e9ritier : biographie &#8230;"},"content":{"rendered":"\t\t<div data-elementor-type=\"wp-page\" data-elementor-id=\"122\" class=\"elementor elementor-122\">\n\t\t\t\t<div class=\"elementor-element elementor-element-837d350 e-flex e-con-boxed e-con e-parent\" data-id=\"837d350\" data-element_type=\"container\">\n\t\t\t\t\t<div class=\"e-con-inner\">\n\t\t<div class=\"elementor-element elementor-element-48900f1 e-con-full e-flex e-con e-child\" data-id=\"48900f1\" data-element_type=\"container\">\n\t\t\t\t<div class=\"elementor-element elementor-element-7c75206 elementor-widget elementor-widget-text-editor\" data-id=\"7c75206\" data-element_type=\"widget\" data-widget_type=\"text-editor.default\">\n\t\t\t\t<div class=\"elementor-widget-container\">\n\t\t\t\t\t\t\t\t\t<p style=\"text-align: justify;\">C&rsquo;est dans les tuyaux &#8230; nous travaillons le sujet et vous pourrez tr\u00e8s prochainement tout savoir sur la biographie de Fran\u00e7oise H\u00e9ritier &#8230;<\/p>\t\t\t\t\t\t\t\t<\/div>\n\t\t\t\t<\/div>\n\t\t\t\t<\/div>\n\t\t<div class=\"elementor-element elementor-element-45754ae e-con-full e-flex e-con e-child\" data-id=\"45754ae\" data-element_type=\"container\">\n\t\t\t\t<div class=\"elementor-element elementor-element-e79d614 elementor-widget elementor-widget-image\" data-id=\"e79d614\" data-element_type=\"widget\" data-widget_type=\"image.default\">\n\t\t\t\t<div class=\"elementor-widget-container\">\n\t\t\t\t\t\t\t\t\t\t\t\t\t\t\t<img fetchpriority=\"high\" decoding=\"async\" width=\"520\" height=\"269\" src=\"https:\/\/lesamisdefrancoiseheritier.fr\/wp-content\/uploads\/2024\/11\/Biographie.png\" class=\"attachment-large size-large wp-image-109\" alt=\"\" srcset=\"https:\/\/lesamisdefrancoiseheritier.fr\/wp-content\/uploads\/2024\/11\/Biographie.png 520w, https:\/\/lesamisdefrancoiseheritier.fr\/wp-content\/uploads\/2024\/11\/Biographie-300x155.png 300w\" sizes=\"(max-width: 520px) 100vw, 520px\" \/>\t\t\t\t\t\t\t\t\t\t\t\t\t\t\t<\/div>\n\t\t\t\t<\/div>\n\t\t\t\t<\/div>\n\t\t\t\t\t<\/div>\n\t\t\t\t<\/div>\n\t\t\t\t<\/div>\n\t\t","protected":false},"excerpt":{"rendered":"<p>C&rsquo;est dans les tuyaux &#8230; nous travaillons le sujet et vous pourrez tr\u00e8s prochainement tout savoir sur la biographie de Fran\u00e7oise H\u00e9ritier &#8230;<\/p>\n","protected":false},"author":1,"featured_media":0,"parent":0,"menu_order":0,"comment_status":"closed","ping_status":"closed","template":"","meta":{"cybocfi_hide_featured_image":"","footnotes":""},"class_list":["post-122","page","type-page","status-publish","hentry"],"_links":{"self":[{"href":"https:\/\/lesamisdefrancoiseheritier.fr\/index.php\/wp-json\/wp\/v2\/pages\/122","targetHints":{"allow":["GET"]}}],"collection":[{"href":"https:\/\/lesamisdefrancoiseheritier.fr\/index.php\/wp-json\/wp\/v2\/pages"}],"about":[{"href":"https:\/\/lesamisdefrancoiseheritier.fr\/index.php\/wp-json\/wp\/v2\/types\/page"}],"author":[{"embeddable":true,"href":"https:\/\/lesamisdefrancoiseheritier.fr\/index.php\/wp-json\/wp\/v2\/users\/1"}],"replies":[{"embeddable":true,"href":"https:\/\/lesamisdefrancoiseheritier.fr\/index.php\/wp-json\/wp\/v2\/comments?post=122"}],"version-history":[{"count":3,"href":"https:\/\/lesamisdefrancoiseheritier.fr\/index.php\/wp-json\/wp\/v2\/pages\/122\/revisions"}],"predecessor-version":[{"id":125,"href":"https:\/\/lesamisdefrancoiseheritier.fr\/index.php\/wp-json\/wp\/v2\/pages\/122\/revisions\/125"}],"wp:attachment":[{"href":"https:\/\/lesamisdefrancoiseheritier.fr\/index.php\/wp-json\/wp\/v2\/media?parent=122"}],"curies":[{"name":"wp","href":"https:\/\/api.w.org\/{rel}","templated":true}]}}