{"id":113,"date":"2024-11-22T18:30:09","date_gmt":"2024-11-22T17:30:09","guid":{"rendered":"https:\/\/lesamisdefrancoiseheritier.fr\/?page_id=113"},"modified":"2024-11-22T18:32:43","modified_gmt":"2024-11-22T17:32:43","slug":"francoise-heritier-bibliographie","status":"publish","type":"page","link":"https:\/\/lesamisdefrancoiseheritier.fr\/index.php\/francoise-heritier-bibliographie\/","title":{"rendered":"Fran\u00e7oise H\u00e9ritier : bibliographie &#8230;"},"content":{"rendered":"\t\t<div data-elementor-type=\"wp-page\" data-elementor-id=\"113\" class=\"elementor elementor-113\">\n\t\t\t\t<div class=\"elementor-element elementor-element-3221b75 e-flex e-con-boxed e-con e-parent\" data-id=\"3221b75\" data-element_type=\"container\">\n\t\t\t\t\t<div class=\"e-con-inner\">\n\t\t<div class=\"elementor-element elementor-element-0c5aa6d e-con-full e-flex e-con e-child\" data-id=\"0c5aa6d\" data-element_type=\"container\">\n\t\t\t\t<div class=\"elementor-element elementor-element-a341fe3 elementor-widget elementor-widget-text-editor\" data-id=\"a341fe3\" data-element_type=\"widget\" data-widget_type=\"text-editor.default\">\n\t\t\t\t<div class=\"elementor-widget-container\">\n\t\t\t\t\t\t\t\t\t<p style=\"text-align: justify;\">Un petit peu de patience et vous retrouvez ici la bibliographie de Fran\u00e7oise H\u00e9ritier &#8230; Notre site est en construction &#8230;<\/p><p style=\"text-align: justify;\">\u00c0 bient\u00f4t &#8230;\u00a0<\/p>\t\t\t\t\t\t\t\t<\/div>\n\t\t\t\t<\/div>\n\t\t\t\t<\/div>\n\t\t<div class=\"elementor-element elementor-element-8fda8f8 e-con-full e-flex e-con e-child\" data-id=\"8fda8f8\" data-element_type=\"container\">\n\t\t\t\t<div class=\"elementor-element elementor-element-90fa920 elementor-widget elementor-widget-image\" data-id=\"90fa920\" data-element_type=\"widget\" data-widget_type=\"image.default\">\n\t\t\t\t<div class=\"elementor-widget-container\">\n\t\t\t\t\t\t\t\t\t\t\t\t\t\t\t<img fetchpriority=\"high\" decoding=\"async\" width=\"1024\" height=\"576\" src=\"https:\/\/lesamisdefrancoiseheritier.fr\/wp-content\/uploads\/2024\/11\/Bibliographie-1.png\" class=\"attachment-large size-large wp-image-114\" alt=\"\" srcset=\"https:\/\/lesamisdefrancoiseheritier.fr\/wp-content\/uploads\/2024\/11\/Bibliographie-1.png 1024w, https:\/\/lesamisdefrancoiseheritier.fr\/wp-content\/uploads\/2024\/11\/Bibliographie-1-300x169.png 300w, https:\/\/lesamisdefrancoiseheritier.fr\/wp-content\/uploads\/2024\/11\/Bibliographie-1-768x432.png 768w\" sizes=\"(max-width: 1024px) 100vw, 1024px\" \/>\t\t\t\t\t\t\t\t\t\t\t\t\t\t\t<\/div>\n\t\t\t\t<\/div>\n\t\t\t\t<\/div>\n\t\t\t\t\t<\/div>\n\t\t\t\t<\/div>\n\t\t\t\t<\/div>\n\t\t","protected":false},"excerpt":{"rendered":"<p>Un petit peu de patience et vous retrouvez ici la bibliographie de Fran\u00e7oise H\u00e9ritier &#8230; Notre site est en construction &#8230; \u00c0 bient\u00f4t &#8230;\u00a0<\/p>\n","protected":false},"author":1,"featured_media":0,"parent":0,"menu_order":0,"comment_status":"closed","ping_status":"closed","template":"","meta":{"cybocfi_hide_featured_image":"","footnotes":""},"class_list":["post-113","page","type-page","status-publish","hentry"],"_links":{"self":[{"href":"https:\/\/lesamisdefrancoiseheritier.fr\/index.php\/wp-json\/wp\/v2\/pages\/113","targetHints":{"allow":["GET"]}}],"collection":[{"href":"https:\/\/lesamisdefrancoiseheritier.fr\/index.php\/wp-json\/wp\/v2\/pages"}],"about":[{"href":"https:\/\/lesamisdefrancoiseheritier.fr\/index.php\/wp-json\/wp\/v2\/types\/page"}],"author":[{"embeddable":true,"href":"https:\/\/lesamisdefrancoiseheritier.fr\/index.php\/wp-json\/wp\/v2\/users\/1"}],"replies":[{"embeddable":true,"href":"https:\/\/lesamisdefrancoiseheritier.fr\/index.php\/wp-json\/wp\/v2\/comments?post=113"}],"version-history":[{"count":3,"href":"https:\/\/lesamisdefrancoiseheritier.fr\/index.php\/wp-json\/wp\/v2\/pages\/113\/revisions"}],"predecessor-version":[{"id":117,"href":"https:\/\/lesamisdefrancoiseheritier.fr\/index.php\/wp-json\/wp\/v2\/pages\/113\/revisions\/117"}],"wp:attachment":[{"href":"https:\/\/lesamisdefrancoiseheritier.fr\/index.php\/wp-json\/wp\/v2\/media?parent=113"}],"curies":[{"name":"wp","href":"https:\/\/api.w.org\/{rel}","templated":true}]}}